{"id":2,"date":"2020-05-16T21:14:28","date_gmt":"2020-05-16T21:14:28","guid":{"rendered":"http:\/\/chapistadaniel.com.ar\/?page_id=2"},"modified":"2020-05-16T22:02:33","modified_gmt":"2020-05-16T22:02:33","slug":"sample-page","status":"publish","type":"page","link":"https:\/\/chapistadaniel.com.ar\/","title":{"rendered":"Servicios"},"content":{"rendered":"\n<h4 class=\"has-text-align-center wp-block-heading\"><strong>ESPECIALIDAD: CHAPA y PINTURA<\/strong><\/h4>\n\n\n\n<ul class=\"wp-block-list\"><li>Cabina de Pintura Presurizada<\/li><li>Centro de Soldaduras<\/li><li>Horno de Pintura<\/li><li>Banco Chapista<\/li><li>Chapa Estirado<\/li><li>Venta de Autopartes- Paragolpes para veh\u00edculos Nacionales e Importados<\/li><\/ul>\n\n\n\n<figure class=\"wp-block-image\"><img decoding=\"async\" src=\"http:\/\/www.profesionalesesquel.com.ar\/wp-content\/uploads\/2019\/09\/DSCN1834-1024x635.jpg\" alt=\"\"\/><\/figure>\n\n\n\n<hr class=\"wp-block-separator\"\/>\n\n\n\n<h4 class=\"has-text-align-center wp-block-heading\"><strong>SISTEMA DE BANCADA 4 ANCLAJES<\/strong><\/h4>\n\n\n\n<ul class=\"wp-block-list\"><li>Permite realizar estiramiento en fr\u00edo<\/li><li>4 Puntos de apoyo<\/li><li>Medici\u00f3n tridimensional con medidas originales de F\u00e1brica<\/li><li>Soldaduras MultiSpot<\/li><li>Soldaduras Mig-Mag Multifunci\u00f3n en fr\u00edo, preservando las propiedades f\u00edsicas y mec\u00e1nicas originales de la chapa, evitando la corrosi\u00f3n y la deformaci\u00f3n del material por excesivo calor.<\/li><\/ul>\n\n\n\n<figure class=\"wp-block-image\"><img decoding=\"async\" src=\"http:\/\/www.profesionalesesquel.com.ar\/wp-content\/uploads\/2019\/09\/Taller_Daniel_Estirado-1024x527.jpg\" alt=\"\"\/><figcaption><img decoding=\"async\" src=\"http:\/\/www.profesionalesesquel.com.ar\/wp-content\/uploads\/2019\/09\/Taller_Daniel_Taller-5-1-1024x831.jpg\"><\/figcaption><\/figure>\n\n\n\n<hr class=\"wp-block-separator\"\/>\n\n\n\n<h4 class=\"has-text-align-center wp-block-heading\"><strong>CABINA DE PINTURA PRESURIZADA<\/strong><\/h4>\n\n\n\n<ul class=\"wp-block-list\"><li>Permite el uso de pintura poliuret\u00e1nica de 2 componentes, aportando mayor resistencia, brillo, flexibilidad y durabilidad evitando la presencia de cuarteados y cambios del color.<\/li><li>Secado a 60 y 70 grados C para otorgarle dureza original<\/li><\/ul>\n\n\n\n<figure class=\"wp-block-image\"><img decoding=\"async\" src=\"http:\/\/www.profesionalesesquel.com.ar\/wp-content\/uploads\/2019\/09\/DSCN1843-1-1024x610.jpg\" alt=\"\"\/><\/figure>\n\n\n\n<figure class=\"wp-block-image\"><img decoding=\"async\" src=\"http:\/\/www.profesionalesesquel.com.ar\/wp-content\/uploads\/2019\/09\/DSCN1842-1024x768.jpg\" alt=\"\"\/><\/figure>\n\n\n\n<figure class=\"wp-block-image\"><img decoding=\"async\" src=\"http:\/\/www.profesionalesesquel.com.ar\/wp-content\/uploads\/2019\/09\/DSCN1840-1024x768.jpg\" alt=\"\"\/><\/figure>\n\n\n\n<figure class=\"wp-block-image\"><img decoding=\"async\" src=\"http:\/\/www.profesionalesesquel.com.ar\/wp-content\/uploads\/2019\/09\/DSCN1838-1024x768.jpg\" alt=\"\"\/><\/figure>\n\n\n\n<figure class=\"wp-block-image\"><img decoding=\"async\" src=\"http:\/\/www.profesionalesesquel.com.ar\/wp-content\/uploads\/2019\/09\/DSCN1837-1-1024x768.jpg\" alt=\"\"\/><\/figure>\n\n\n\n<hr class=\"wp-block-separator\"\/>\n\n\n\n<h4 class=\"wp-block-heading\"><strong>MIXING<\/strong><\/h4>\n\n\n\n<ul class=\"wp-block-list\"><li>Preparaci\u00f3n de color, id\u00e9ntico al de fabrica por medio de sistema computarizado.<br><strong>Resultado:<\/strong><\/li><li>Sin riesgo de oxidaci\u00f3n, englobamiento o cuarteo.<\/li><li>Calidad Certificada Brillo duradero.<\/li><\/ul>\n\n\n\n<figure class=\"wp-block-image\"><img decoding=\"async\" src=\"http:\/\/www.profesionalesesquel.com.ar\/wp-content\/uploads\/2019\/09\/DSCN1861-1-1024x821.jpg\" alt=\"\"\/><\/figure>\n\n\n\n<figure class=\"wp-block-image\"><img decoding=\"async\" src=\"http:\/\/www.profesionalesesquel.com.ar\/wp-content\/uploads\/2019\/09\/Pinturas_al_agua-768x1024.jpg\" alt=\"\"\/><\/figure>\n\n\n\n<figure class=\"wp-block-image\"><img decoding=\"async\" src=\"http:\/\/www.profesionalesesquel.com.ar\/wp-content\/uploads\/2019\/09\/DSCN1854-1024x793.jpg\" alt=\"\"\/><\/figure>\n","protected":false},"excerpt":{"rendered":"<p>ESPECIALIDAD: CHAPA y PINTURA Cabina de Pintura Presurizada Centro de Soldaduras Horno de Pintura Banco Chapista Chapa Estirado Venta de Autopartes- Paragolpes para veh\u00edculos Nacionales e Importados SISTEMA DE BANCADA 4 ANCLAJES Permite realizar estiramiento en fr\u00edo 4 Puntos de apoyo Medici\u00f3n tridimensional con medidas originales de F\u00e1brica Soldaduras MultiSpot Soldaduras Mig-Mag Multifunci\u00f3n en fr\u00edo, [&hellip;]<\/p>\n","protected":false},"author":1,"featured_media":0,"parent":0,"menu_order":0,"comment_status":"closed","ping_status":"open","template":"","meta":{"footnotes":""},"class_list":["post-2","page","type-page","status-publish","hentry"],"_links":{"self":[{"href":"https:\/\/chapistadaniel.com.ar\/index.php?rest_route=\/wp\/v2\/pages\/2","targetHints":{"allow":["GET"]}}],"collection":[{"href":"https:\/\/chapistadaniel.com.ar\/index.php?rest_route=\/wp\/v2\/pages"}],"about":[{"href":"https:\/\/chapistadaniel.com.ar\/index.php?rest_route=\/wp\/v2\/types\/page"}],"author":[{"embeddable":true,"href":"https:\/\/chapistadaniel.com.ar\/index.php?rest_route=\/wp\/v2\/users\/1"}],"replies":[{"embeddable":true,"href":"https:\/\/chapistadaniel.com.ar\/index.php?rest_route=%2Fwp%2Fv2%2Fcomments&post=2"}],"version-history":[{"count":2,"href":"https:\/\/chapistadaniel.com.ar\/index.php?rest_route=\/wp\/v2\/pages\/2\/revisions"}],"predecessor-version":[{"id":19,"href":"https:\/\/chapistadaniel.com.ar\/index.php?rest_route=\/wp\/v2\/pages\/2\/revisions\/19"}],"wp:attachment":[{"href":"https:\/\/chapistadaniel.com.ar\/index.php?rest_route=%2Fwp%2Fv2%2Fmedia&parent=2"}],"curies":[{"name":"wp","href":"https:\/\/api.w.org\/{rel}","templated":true}]}}